{"id":2225,"date":"2023-11-19T19:39:53","date_gmt":"2023-11-19T18:39:53","guid":{"rendered":"https:\/\/weisse-werbung.com\/?page_id=2225"},"modified":"2024-10-17T11:27:12","modified_gmt":"2024-10-17T09:27:12","slug":"impressum","status":"publish","type":"page","link":"https:\/\/weisse-werbung.com\/index.php\/impressum\/","title":{"rendered":"Impressum"},"content":{"rendered":"<p>Eveline Weiss<br \/>\nWerbegrafik-Designer<br \/>\nWebersdorf 28, 5132 Geretsberg<\/p>\n<p>Gewerberegister Nr.: 404 \/ 14906<br \/>\nFirmenbuchgericht: Landesgericht Ried im Innkreis<br \/>\nUID-Nr.: ATU66878015<\/p>\n<p><strong>Urheberrecht:<\/strong> Die durch die Seitenbetreiber erstellten Inhalte und Werke auf diesen Seiten unterliegen dem \u00f6sterreichischem Urheberrecht. Die Vervielf\u00e4ltigung, Bearbeitung, Verbreitung und jede Art der Verwertung au\u00dferhalb der Grenzen des Urheberrechtes bed\u00fcrfen der schriftlichen Zustimmung des jeweiligen Autors bzw. Erstellers. Downloads und Kopien dieser Seite sind nur f\u00fcr den privaten, nicht kommerziellen Gebrauch gestattet. Soweit die Inhalte auf dieser Seite nicht vom Betreiber erstellt wurden, werden die Urheberrechte Dritter beachtet. Inhalte Dritter werden als solche gekennzeichnet. Sollten Sie trotzdem auf eine Urheberrechtsverletzung aufmerksam werden, bitten wir um einen entsprechenden Hinweis. Bei Bekanntwerden von Rechtsverletzungen werden wir derartige Inhalte umgehend entfernen.<\/p>\n<p><strong>Datenschutz:<\/strong> Die Nutzung unserer Webseite ist in der Regel ohne Angabe personenbezogener Daten m\u00f6glich. Soweit auf unseren Seiten personenbezogene Daten erhoben werden, erfolgt dies stets auf freiwilliger Basis. Diese Daten werden ohne Ihre ausdr\u00fcckliche Zustimmung nicht an Dritte weitergegeben. Wir weisen darauf hin, dass die Daten\u00fcbertragung im Internet (z.B. bei der Kommunikation per E-Mail) Sicherheitsl\u00fccken aufweisen kann. Ein l\u00fcckenloser Schutz der Daten vor dem Zugriff durch Dritte ist nicht m\u00f6glich. Der Nutzung von im Rahmen der Impressumspflicht ver\u00f6ffentlichten Kontaktdaten durch Dritte zur \u00dcbersendung von nicht ausdr\u00fccklich angeforderter Werbung und Informationsmaterialien wird hiermit ausdr\u00fccklich widersprochen.<\/p>\n<p><strong>Google Analytics:<\/strong> Diese Website benutzt Google Analytics, einen Webanalysedienst der Google Inc., um eine Analyse der Benutzung der Website zu erm\u00f6glichen. Die durch den Einsatz von Google Analytics erzeugten Informationen \u00fcber Ihre Nutzung dieser Website (einschlie\u00dflich Ihrer IP-Adresse) werden an einen Server der Google Inc. in den USA \u00fcbertragen und dort gespeichert. Google wird diese Informationen lediglich dazu verwenden, die Nutzung der Website zu analysieren.<\/p>\n<p><strong>Haftung f\u00fcr Links:<\/strong> Unser Angebot enth\u00e4lt Links zu externen Webseiten Dritter, auf deren Inhalte wir keinen Einfluss haben. Deshalb k\u00f6nnen wir f\u00fcr diese fremden Inhalte auch keine Gew\u00e4hr \u00fcbernehmen. F\u00fcr die Inhalte der verlinkten Seiten ist stets der jeweilige Anbieter oder Betreiber der Seiten verantwortlich.<\/p>\n","protected":false},"excerpt":{"rendered":"<p>Eveline Weiss Werbegrafik-Designer Webersdorf 28, 5132 Geretsberg Gewerberegister Nr.: 404 \/ 14906 Firmenbuchgericht: Landesgericht Ried im Innkreis UID-Nr.: ATU66878015 Urheberrecht: Die durch die Seitenbetreiber erstellten Inhalte und Werke auf diesen Seiten unterliegen dem \u00f6sterreichischem Urheberrecht. Die Vervielf\u00e4ltigung, Bearbeitung, Verbreitung und jede Art der Verwertung au\u00dferhalb der Grenzen des Urheberrechtes bed\u00fcrfen der schriftlichen Zustimmung des jeweiligen Autors bzw. Erstellers. Downloads und Kopien dieser Seite sind nur f\u00fcr den privaten, nicht kommerziellen [&hellip;]<\/p>\n","protected":false},"author":1,"featured_media":0,"parent":0,"menu_order":0,"comment_status":"closed","ping_status":"closed","template":"","meta":{"footnotes":""},"class_list":["post-2225","page","type-page","status-publish","hentry"],"yoast_head":"<!-- This site is optimized with the Yoast SEO plugin v23.6 - https:\/\/yoast.com\/wordpress\/plugins\/seo\/ -->\n<title>Impressum - weissEwerbung<\/title>\n<meta name=\"robots\" content=\"index, follow, max-snippet:-1, max-image-preview:large, max-video-preview:-1\" \/>\n<link rel=\"canonical\" href=\"https:\/\/weisse-werbung.com\/index.php\/impressum\/\" \/>\n<meta property=\"og:locale\" content=\"en_US\" \/>\n<meta property=\"og:type\" content=\"article\" \/>\n<meta property=\"og:title\" content=\"Impressum - weissEwerbung\" \/>\n<meta property=\"og:description\" content=\"Eveline Weiss Werbegrafik-Designer Webersdorf 28, 5132 Geretsberg Gewerberegister Nr.: 404 \/ 14906 Firmenbuchgericht: Landesgericht Ried im Innkreis UID-Nr.: ATU66878015 Urheberrecht: Die durch die Seitenbetreiber erstellten Inhalte und Werke auf diesen Seiten unterliegen dem \u00f6sterreichischem Urheberrecht. Die Vervielf\u00e4ltigung, Bearbeitung, Verbreitung und jede Art der Verwertung au\u00dferhalb der Grenzen des Urheberrechtes bed\u00fcrfen der schriftlichen Zustimmung des jeweiligen Autors bzw. Erstellers. Downloads und Kopien dieser Seite sind nur f\u00fcr den privaten, nicht kommerziellen [&hellip;]\" \/>\n<meta property=\"og:url\" content=\"https:\/\/weisse-werbung.com\/index.php\/impressum\/\" \/>\n<meta property=\"og:site_name\" content=\"weissEwerbung\" \/>\n<meta property=\"article:publisher\" content=\"https:\/\/www.facebook.com\/profile.php?id=100054438971867\" \/>\n<meta property=\"article:modified_time\" content=\"2024-10-17T09:27:12+00:00\" \/>\n<meta name=\"twitter:card\" content=\"summary_large_image\" \/>\n<meta name=\"twitter:label1\" content=\"Est. reading time\" \/>\n\t<meta name=\"twitter:data1\" content=\"2 minutes\" \/>\n<script type=\"application\/ld+json\" class=\"yoast-schema-graph\">{\"@context\":\"https:\/\/schema.org\",\"@graph\":[{\"@type\":\"WebPage\",\"@id\":\"https:\/\/weisse-werbung.com\/index.php\/impressum\/\",\"url\":\"https:\/\/weisse-werbung.com\/index.php\/impressum\/\",\"name\":\"Impressum - weissEwerbung\",\"isPartOf\":{\"@id\":\"https:\/\/weisse-werbung.com\/#website\"},\"datePublished\":\"2023-11-19T18:39:53+00:00\",\"dateModified\":\"2024-10-17T09:27:12+00:00\",\"breadcrumb\":{\"@id\":\"https:\/\/weisse-werbung.com\/index.php\/impressum\/#breadcrumb\"},\"inLanguage\":\"en-US\",\"potentialAction\":[{\"@type\":\"ReadAction\",\"target\":[\"https:\/\/weisse-werbung.com\/index.php\/impressum\/\"]}]},{\"@type\":\"BreadcrumbList\",\"@id\":\"https:\/\/weisse-werbung.com\/index.php\/impressum\/#breadcrumb\",\"itemListElement\":[{\"@type\":\"ListItem\",\"position\":1,\"name\":\"Startseite\",\"item\":\"https:\/\/weisse-werbung.com\/\"},{\"@type\":\"ListItem\",\"position\":2,\"name\":\"Impressum\"}]},{\"@type\":\"WebSite\",\"@id\":\"https:\/\/weisse-werbung.com\/#website\",\"url\":\"https:\/\/weisse-werbung.com\/\",\"name\":\"weissEwerbung\",\"description\":\"KREATIVIT\u00c4T MIT BISS\",\"publisher\":{\"@id\":\"https:\/\/weisse-werbung.com\/#organization\"},\"potentialAction\":[{\"@type\":\"SearchAction\",\"target\":{\"@type\":\"EntryPoint\",\"urlTemplate\":\"https:\/\/weisse-werbung.com\/?s={search_term_string}\"},\"query-input\":{\"@type\":\"PropertyValueSpecification\",\"valueRequired\":true,\"valueName\":\"search_term_string\"}}],\"inLanguage\":\"en-US\"},{\"@type\":\"Organization\",\"@id\":\"https:\/\/weisse-werbung.com\/#organization\",\"name\":\"weissEwerbung\",\"url\":\"https:\/\/weisse-werbung.com\/\",\"logo\":{\"@type\":\"ImageObject\",\"inLanguage\":\"en-US\",\"@id\":\"https:\/\/weisse-werbung.com\/#\/schema\/logo\/image\/\",\"url\":\"https:\/\/weisse-werbung.com\/wp-content\/uploads\/2023\/10\/Logo_300x100_transparent.png\",\"contentUrl\":\"https:\/\/weisse-werbung.com\/wp-content\/uploads\/2023\/10\/Logo_300x100_transparent.png\",\"width\":300,\"height\":100,\"caption\":\"weissEwerbung\"},\"image\":{\"@id\":\"https:\/\/weisse-werbung.com\/#\/schema\/logo\/image\/\"},\"sameAs\":[\"https:\/\/www.facebook.com\/profile.php?id=100054438971867\",\"https:\/\/www.instagram.com\/weissewerbung\/\"]}]}<\/script>\n<!-- \/ Yoast SEO plugin. -->","yoast_head_json":{"title":"Impressum - weissEwerbung","robots":{"index":"index","follow":"follow","max-snippet":"max-snippet:-1","max-image-preview":"max-image-preview:large","max-video-preview":"max-video-preview:-1"},"canonical":"https:\/\/weisse-werbung.com\/index.php\/impressum\/","og_locale":"en_US","og_type":"article","og_title":"Impressum - weissEwerbung","og_description":"Eveline Weiss Werbegrafik-Designer Webersdorf 28, 5132 Geretsberg Gewerberegister Nr.: 404 \/ 14906 Firmenbuchgericht: Landesgericht Ried im Innkreis UID-Nr.: ATU66878015 Urheberrecht: Die durch die Seitenbetreiber erstellten Inhalte und Werke auf diesen Seiten unterliegen dem \u00f6sterreichischem Urheberrecht. Die Vervielf\u00e4ltigung, Bearbeitung, Verbreitung und jede Art der Verwertung au\u00dferhalb der Grenzen des Urheberrechtes bed\u00fcrfen der schriftlichen Zustimmung des jeweiligen Autors bzw. Erstellers. Downloads und Kopien dieser Seite sind nur f\u00fcr den privaten, nicht kommerziellen [&hellip;]","og_url":"https:\/\/weisse-werbung.com\/index.php\/impressum\/","og_site_name":"weissEwerbung","article_publisher":"https:\/\/www.facebook.com\/profile.php?id=100054438971867","article_modified_time":"2024-10-17T09:27:12+00:00","twitter_card":"summary_large_image","twitter_misc":{"Est. reading time":"2 minutes"},"schema":{"@context":"https:\/\/schema.org","@graph":[{"@type":"WebPage","@id":"https:\/\/weisse-werbung.com\/index.php\/impressum\/","url":"https:\/\/weisse-werbung.com\/index.php\/impressum\/","name":"Impressum - weissEwerbung","isPartOf":{"@id":"https:\/\/weisse-werbung.com\/#website"},"datePublished":"2023-11-19T18:39:53+00:00","dateModified":"2024-10-17T09:27:12+00:00","breadcrumb":{"@id":"https:\/\/weisse-werbung.com\/index.php\/impressum\/#breadcrumb"},"inLanguage":"en-US","potentialAction":[{"@type":"ReadAction","target":["https:\/\/weisse-werbung.com\/index.php\/impressum\/"]}]},{"@type":"BreadcrumbList","@id":"https:\/\/weisse-werbung.com\/index.php\/impressum\/#breadcrumb","itemListElement":[{"@type":"ListItem","position":1,"name":"Startseite","item":"https:\/\/weisse-werbung.com\/"},{"@type":"ListItem","position":2,"name":"Impressum"}]},{"@type":"WebSite","@id":"https:\/\/weisse-werbung.com\/#website","url":"https:\/\/weisse-werbung.com\/","name":"weissEwerbung","description":"KREATIVIT\u00c4T MIT BISS","publisher":{"@id":"https:\/\/weisse-werbung.com\/#organization"},"potentialAction":[{"@type":"SearchAction","target":{"@type":"EntryPoint","urlTemplate":"https:\/\/weisse-werbung.com\/?s={search_term_string}"},"query-input":{"@type":"PropertyValueSpecification","valueRequired":true,"valueName":"search_term_string"}}],"inLanguage":"en-US"},{"@type":"Organization","@id":"https:\/\/weisse-werbung.com\/#organization","name":"weissEwerbung","url":"https:\/\/weisse-werbung.com\/","logo":{"@type":"ImageObject","inLanguage":"en-US","@id":"https:\/\/weisse-werbung.com\/#\/schema\/logo\/image\/","url":"https:\/\/weisse-werbung.com\/wp-content\/uploads\/2023\/10\/Logo_300x100_transparent.png","contentUrl":"https:\/\/weisse-werbung.com\/wp-content\/uploads\/2023\/10\/Logo_300x100_transparent.png","width":300,"height":100,"caption":"weissEwerbung"},"image":{"@id":"https:\/\/weisse-werbung.com\/#\/schema\/logo\/image\/"},"sameAs":["https:\/\/www.facebook.com\/profile.php?id=100054438971867","https:\/\/www.instagram.com\/weissewerbung\/"]}]}},"_links":{"self":[{"href":"https:\/\/weisse-werbung.com\/index.php\/wp-json\/wp\/v2\/pages\/2225"}],"collection":[{"href":"https:\/\/weisse-werbung.com\/index.php\/wp-json\/wp\/v2\/pages"}],"about":[{"href":"https:\/\/weisse-werbung.com\/index.php\/wp-json\/wp\/v2\/types\/page"}],"author":[{"embeddable":true,"href":"https:\/\/weisse-werbung.com\/index.php\/wp-json\/wp\/v2\/users\/1"}],"replies":[{"embeddable":true,"href":"https:\/\/weisse-werbung.com\/index.php\/wp-json\/wp\/v2\/comments?post=2225"}],"version-history":[{"count":2,"href":"https:\/\/weisse-werbung.com\/index.php\/wp-json\/wp\/v2\/pages\/2225\/revisions"}],"predecessor-version":[{"id":2271,"href":"https:\/\/weisse-werbung.com\/index.php\/wp-json\/wp\/v2\/pages\/2225\/revisions\/2271"}],"wp:attachment":[{"href":"https:\/\/weisse-werbung.com\/index.php\/wp-json\/wp\/v2\/media?parent=2225"}],"curies":[{"name":"wp","href":"https:\/\/api.w.org\/{rel}","templated":true}]}}