{"id":3,"date":"2023-10-20T16:00:35","date_gmt":"2023-10-20T14:00:35","guid":{"rendered":"https:\/\/weisse-werbung.com\/?page_id=3"},"modified":"2023-11-19T19:33:52","modified_gmt":"2023-11-19T18:33:52","slug":"datenschutzerklaerung","status":"publish","type":"page","link":"https:\/\/weisse-werbung.com\/index.php\/datenschutzerklaerung\/","title":{"rendered":"Datenschutzerkl\u00e4rung"},"content":{"rendered":"\r\n<p><strong>1. WER WIR SIND:<\/strong><\/p>\r\n<p>Unsere Website-Adresse lautet: <a href=\"https:\/\/weisse-werbung.com\/\" target=\"_new\" rel=\"noopener\">https:\/\/weisse-werbung.com<\/a>.<\/p>\r\n<p><strong>2. KONTAKTFORMULAR:<\/strong><\/p>\r\n<p>F\u00fcr Anfragen steht ein Kontaktformular auf der Website zur Verf\u00fcgung. Die dar\u00fcber \u00fcbermittelten Daten, einschlie\u00dflich Name, E-Mail-Adresse und Nachricht, werden ausschlie\u00dflich f\u00fcr die Bearbeitung der Anfrage verwendet.<\/p>\r\n<p><strong>3. KEINE KOMMENTARE UND FOTOUPLODS:<\/strong><\/p>\r\n<p>Es besteht keine M\u00f6glichkeit, Kommentare zu hinterlassen oder Fotos auf dieser Website hochzuladen.<\/p>\r\n<p><strong>4. COOKIES:<\/strong><\/p>\r\n<p>Diese Website verwendet keine Cookies f\u00fcr Kommentare, Anmeldungen oder pers\u00f6nliche Konten.<\/p>\r\n<p><strong>5. EINGEBETTETE INHALTE VON ANDEREN WEBSITES:<\/strong><\/p>\r\n<p>Es werden keine eingebetteten Inhalte von anderen Websites verwendet.<\/p>\r\n<p><strong>6. DATENWEITERGABE:<\/strong><\/p>\r\n<p>Es erfolgt keine Datenweitergabe an Dritte, es sei denn, es liegt eine rechtliche Verpflichtung dazu vor.<\/p>\r\n<p><strong>7. DATENSPEICHERUNG:<\/strong><\/p>\r\n<p>Anfragen \u00fcber das Kontaktformular und die dar\u00fcber \u00fcbermittelten Daten werden zeitnah bearbeitet. Es erfolgt keine dauerhafte Speicherung von personenbezogenen Daten.<\/p>\r\n<p><strong>8. RECHTE DER BENUTZER:<\/strong><\/p>\r\n<p>Da keine Benutzerregistrierung oder Kommentarfunktion vorhanden ist, entfallen die Rechte in Bezug auf den Export und die L\u00f6schung personenbezogener Daten.<\/p>\r\n<p><strong>9. DATEN\u00dcBERMITTLUNG:<\/strong><\/p>\r\n<p>Die \u00fcbermittelten Daten werden ausschlie\u00dflich f\u00fcr die Bearbeitung von Anfragen genutzt und nicht f\u00fcr andere Zwecke weitergeleitet.<\/p>\r\n<p><strong>10. KONTAKT:<\/strong><\/p>\r\n<p>F\u00fcr Datenschutzanfragen oder weitere Informationen steht das Kontaktformular auf der Website zur Verf\u00fcgung.<\/p>\r\n<p>Diese Datenschutzerkl\u00e4rung ist auf die spezifischen Funktionen und Interaktionen deiner OnePage-Website zugeschnitten.<\/p>\r\n","protected":false},"excerpt":{"rendered":"<p>1. WER WIR SIND: Unsere Website-Adresse lautet: https:\/\/weisse-werbung.com. 2. KONTAKTFORMULAR: F\u00fcr Anfragen steht ein Kontaktformular auf der Website zur Verf\u00fcgung. Die dar\u00fcber \u00fcbermittelten Daten, einschlie\u00dflich Name, E-Mail-Adresse und Nachricht, werden ausschlie\u00dflich f\u00fcr die Bearbeitung der Anfrage verwendet. 3. KEINE KOMMENTARE UND FOTOUPLODS: Es besteht keine M\u00f6glichkeit, Kommentare zu hinterlassen oder Fotos auf dieser Website hochzuladen. 4. COOKIES: Diese Website verwendet keine Cookies f\u00fcr Kommentare, Anmeldungen oder pers\u00f6nliche Konten. 5. EINGEBETTETE [&hellip;]<\/p>\n","protected":false},"author":1,"featured_media":0,"parent":0,"menu_order":0,"comment_status":"closed","ping_status":"open","template":"","meta":{"footnotes":""},"class_list":["post-3","page","type-page","status-publish","hentry"],"yoast_head":"<!-- This site is optimized with the Yoast SEO plugin v23.6 - https:\/\/yoast.com\/wordpress\/plugins\/seo\/ -->\n<title>Datenschutzerkl\u00e4rung - weissEwerbung<\/title>\n<meta name=\"robots\" content=\"index, follow, max-snippet:-1, max-image-preview:large, max-video-preview:-1\" \/>\n<link rel=\"canonical\" href=\"https:\/\/weisse-werbung.com\/index.php\/datenschutzerklaerung\/\" \/>\n<meta property=\"og:locale\" content=\"en_US\" \/>\n<meta property=\"og:type\" content=\"article\" \/>\n<meta property=\"og:title\" content=\"Datenschutzerkl\u00e4rung - weissEwerbung\" \/>\n<meta property=\"og:description\" content=\"1. WER WIR SIND: Unsere Website-Adresse lautet: https:\/\/weisse-werbung.com. 2. KONTAKTFORMULAR: F\u00fcr Anfragen steht ein Kontaktformular auf der Website zur Verf\u00fcgung. Die dar\u00fcber \u00fcbermittelten Daten, einschlie\u00dflich Name, E-Mail-Adresse und Nachricht, werden ausschlie\u00dflich f\u00fcr die Bearbeitung der Anfrage verwendet. 3. KEINE KOMMENTARE UND FOTOUPLODS: Es besteht keine M\u00f6glichkeit, Kommentare zu hinterlassen oder Fotos auf dieser Website hochzuladen. 4. COOKIES: Diese Website verwendet keine Cookies f\u00fcr Kommentare, Anmeldungen oder pers\u00f6nliche Konten. 5. EINGEBETTETE [&hellip;]\" \/>\n<meta property=\"og:url\" content=\"https:\/\/weisse-werbung.com\/index.php\/datenschutzerklaerung\/\" \/>\n<meta property=\"og:site_name\" content=\"weissEwerbung\" \/>\n<meta property=\"article:publisher\" content=\"https:\/\/www.facebook.com\/profile.php?id=100054438971867\" \/>\n<meta property=\"article:modified_time\" content=\"2023-11-19T18:33:52+00:00\" \/>\n<meta name=\"twitter:card\" content=\"summary_large_image\" \/>\n<meta name=\"twitter:label1\" content=\"Est. reading time\" \/>\n\t<meta name=\"twitter:data1\" content=\"1 minute\" \/>\n<script type=\"application\/ld+json\" class=\"yoast-schema-graph\">{\"@context\":\"https:\/\/schema.org\",\"@graph\":[{\"@type\":\"WebPage\",\"@id\":\"https:\/\/weisse-werbung.com\/index.php\/datenschutzerklaerung\/\",\"url\":\"https:\/\/weisse-werbung.com\/index.php\/datenschutzerklaerung\/\",\"name\":\"Datenschutzerkl\u00e4rung - weissEwerbung\",\"isPartOf\":{\"@id\":\"https:\/\/weisse-werbung.com\/#website\"},\"datePublished\":\"2023-10-20T14:00:35+00:00\",\"dateModified\":\"2023-11-19T18:33:52+00:00\",\"breadcrumb\":{\"@id\":\"https:\/\/weisse-werbung.com\/index.php\/datenschutzerklaerung\/#breadcrumb\"},\"inLanguage\":\"en-US\",\"potentialAction\":[{\"@type\":\"ReadAction\",\"target\":[\"https:\/\/weisse-werbung.com\/index.php\/datenschutzerklaerung\/\"]}]},{\"@type\":\"BreadcrumbList\",\"@id\":\"https:\/\/weisse-werbung.com\/index.php\/datenschutzerklaerung\/#breadcrumb\",\"itemListElement\":[{\"@type\":\"ListItem\",\"position\":1,\"name\":\"Startseite\",\"item\":\"https:\/\/weisse-werbung.com\/\"},{\"@type\":\"ListItem\",\"position\":2,\"name\":\"Datenschutzerkl\u00e4rung\"}]},{\"@type\":\"WebSite\",\"@id\":\"https:\/\/weisse-werbung.com\/#website\",\"url\":\"https:\/\/weisse-werbung.com\/\",\"name\":\"weissEwerbung\",\"description\":\"KREATIVIT\u00c4T MIT BISS\",\"publisher\":{\"@id\":\"https:\/\/weisse-werbung.com\/#organization\"},\"potentialAction\":[{\"@type\":\"SearchAction\",\"target\":{\"@type\":\"EntryPoint\",\"urlTemplate\":\"https:\/\/weisse-werbung.com\/?s={search_term_string}\"},\"query-input\":{\"@type\":\"PropertyValueSpecification\",\"valueRequired\":true,\"valueName\":\"search_term_string\"}}],\"inLanguage\":\"en-US\"},{\"@type\":\"Organization\",\"@id\":\"https:\/\/weisse-werbung.com\/#organization\",\"name\":\"weissEwerbung\",\"url\":\"https:\/\/weisse-werbung.com\/\",\"logo\":{\"@type\":\"ImageObject\",\"inLanguage\":\"en-US\",\"@id\":\"https:\/\/weisse-werbung.com\/#\/schema\/logo\/image\/\",\"url\":\"https:\/\/weisse-werbung.com\/wp-content\/uploads\/2023\/10\/Logo_300x100_transparent.png\",\"contentUrl\":\"https:\/\/weisse-werbung.com\/wp-content\/uploads\/2023\/10\/Logo_300x100_transparent.png\",\"width\":300,\"height\":100,\"caption\":\"weissEwerbung\"},\"image\":{\"@id\":\"https:\/\/weisse-werbung.com\/#\/schema\/logo\/image\/\"},\"sameAs\":[\"https:\/\/www.facebook.com\/profile.php?id=100054438971867\",\"https:\/\/www.instagram.com\/weissewerbung\/\"]}]}<\/script>\n<!-- \/ Yoast SEO plugin. -->","yoast_head_json":{"title":"Datenschutzerkl\u00e4rung - weissEwerbung","robots":{"index":"index","follow":"follow","max-snippet":"max-snippet:-1","max-image-preview":"max-image-preview:large","max-video-preview":"max-video-preview:-1"},"canonical":"https:\/\/weisse-werbung.com\/index.php\/datenschutzerklaerung\/","og_locale":"en_US","og_type":"article","og_title":"Datenschutzerkl\u00e4rung - weissEwerbung","og_description":"1. WER WIR SIND: Unsere Website-Adresse lautet: https:\/\/weisse-werbung.com. 2. KONTAKTFORMULAR: F\u00fcr Anfragen steht ein Kontaktformular auf der Website zur Verf\u00fcgung. Die dar\u00fcber \u00fcbermittelten Daten, einschlie\u00dflich Name, E-Mail-Adresse und Nachricht, werden ausschlie\u00dflich f\u00fcr die Bearbeitung der Anfrage verwendet. 3. KEINE KOMMENTARE UND FOTOUPLODS: Es besteht keine M\u00f6glichkeit, Kommentare zu hinterlassen oder Fotos auf dieser Website hochzuladen. 4. COOKIES: Diese Website verwendet keine Cookies f\u00fcr Kommentare, Anmeldungen oder pers\u00f6nliche Konten. 5. EINGEBETTETE [&hellip;]","og_url":"https:\/\/weisse-werbung.com\/index.php\/datenschutzerklaerung\/","og_site_name":"weissEwerbung","article_publisher":"https:\/\/www.facebook.com\/profile.php?id=100054438971867","article_modified_time":"2023-11-19T18:33:52+00:00","twitter_card":"summary_large_image","twitter_misc":{"Est. reading time":"1 minute"},"schema":{"@context":"https:\/\/schema.org","@graph":[{"@type":"WebPage","@id":"https:\/\/weisse-werbung.com\/index.php\/datenschutzerklaerung\/","url":"https:\/\/weisse-werbung.com\/index.php\/datenschutzerklaerung\/","name":"Datenschutzerkl\u00e4rung - weissEwerbung","isPartOf":{"@id":"https:\/\/weisse-werbung.com\/#website"},"datePublished":"2023-10-20T14:00:35+00:00","dateModified":"2023-11-19T18:33:52+00:00","breadcrumb":{"@id":"https:\/\/weisse-werbung.com\/index.php\/datenschutzerklaerung\/#breadcrumb"},"inLanguage":"en-US","potentialAction":[{"@type":"ReadAction","target":["https:\/\/weisse-werbung.com\/index.php\/datenschutzerklaerung\/"]}]},{"@type":"BreadcrumbList","@id":"https:\/\/weisse-werbung.com\/index.php\/datenschutzerklaerung\/#breadcrumb","itemListElement":[{"@type":"ListItem","position":1,"name":"Startseite","item":"https:\/\/weisse-werbung.com\/"},{"@type":"ListItem","position":2,"name":"Datenschutzerkl\u00e4rung"}]},{"@type":"WebSite","@id":"https:\/\/weisse-werbung.com\/#website","url":"https:\/\/weisse-werbung.com\/","name":"weissEwerbung","description":"KREATIVIT\u00c4T MIT BISS","publisher":{"@id":"https:\/\/weisse-werbung.com\/#organization"},"potentialAction":[{"@type":"SearchAction","target":{"@type":"EntryPoint","urlTemplate":"https:\/\/weisse-werbung.com\/?s={search_term_string}"},"query-input":{"@type":"PropertyValueSpecification","valueRequired":true,"valueName":"search_term_string"}}],"inLanguage":"en-US"},{"@type":"Organization","@id":"https:\/\/weisse-werbung.com\/#organization","name":"weissEwerbung","url":"https:\/\/weisse-werbung.com\/","logo":{"@type":"ImageObject","inLanguage":"en-US","@id":"https:\/\/weisse-werbung.com\/#\/schema\/logo\/image\/","url":"https:\/\/weisse-werbung.com\/wp-content\/uploads\/2023\/10\/Logo_300x100_transparent.png","contentUrl":"https:\/\/weisse-werbung.com\/wp-content\/uploads\/2023\/10\/Logo_300x100_transparent.png","width":300,"height":100,"caption":"weissEwerbung"},"image":{"@id":"https:\/\/weisse-werbung.com\/#\/schema\/logo\/image\/"},"sameAs":["https:\/\/www.facebook.com\/profile.php?id=100054438971867","https:\/\/www.instagram.com\/weissewerbung\/"]}]}},"_links":{"self":[{"href":"https:\/\/weisse-werbung.com\/index.php\/wp-json\/wp\/v2\/pages\/3"}],"collection":[{"href":"https:\/\/weisse-werbung.com\/index.php\/wp-json\/wp\/v2\/pages"}],"about":[{"href":"https:\/\/weisse-werbung.com\/index.php\/wp-json\/wp\/v2\/types\/page"}],"author":[{"embeddable":true,"href":"https:\/\/weisse-werbung.com\/index.php\/wp-json\/wp\/v2\/users\/1"}],"replies":[{"embeddable":true,"href":"https:\/\/weisse-werbung.com\/index.php\/wp-json\/wp\/v2\/comments?post=3"}],"version-history":[{"count":2,"href":"https:\/\/weisse-werbung.com\/index.php\/wp-json\/wp\/v2\/pages\/3\/revisions"}],"predecessor-version":[{"id":2224,"href":"https:\/\/weisse-werbung.com\/index.php\/wp-json\/wp\/v2\/pages\/3\/revisions\/2224"}],"wp:attachment":[{"href":"https:\/\/weisse-werbung.com\/index.php\/wp-json\/wp\/v2\/media?parent=3"}],"curies":[{"name":"wp","href":"https:\/\/api.w.org\/{rel}","templated":true}]}}